{"id":16,"date":"2017-06-04T21:27:23","date_gmt":"2017-06-04T18:27:23","guid":{"rendered":"http:\/\/socialis.idev.lt\/?page_id=16"},"modified":"2017-06-04T21:41:06","modified_gmt":"2017-06-04T18:41:06","slug":"paslaugos","status":"publish","type":"page","link":"http:\/\/konsultuoju.eu\/","title":{"rendered":"Paslaugos"},"content":{"rendered":"<ul>\n<li>Psichologin\u0117s konsultacijos<\/li>\n<li>Socialin\u0117 pagalba<\/li>\n<li>Pozityvios t\u0117vyst\u0117s mokymai<\/li>\n<li>Mokymai besilaukian\u010dioms mamoms ir t\u0117\u010diams<\/li>\n<li>Supervizijos<\/li>\n<li>Seminarai<\/li>\n<li>\u0160eimos stiprinimo mokymai<\/li>\n<li>Savaitgalin\u0117s stovyklos<\/li>\n<li>Dienin\u0117s stovyklos<\/li>\n<li>Grupiniai psichoteraipijos u\u017esi\u0117mimai<\/li>\n<li>Meno terapija<\/li>\n<li>\u017daidim\u0173 terapija<\/li>\n<li>Psichodrama<\/li>\n<li>S\u0105moningumo ugdymas<\/li>\n<li>K\u016brybi\u0161kas m\u0105stymas<\/li>\n<li>Karjeros valdymas<\/li>\n<li>Biblioterapija<\/li>\n<li>Ekopsichoterapija<\/li>\n<\/ul>\n","protected":false},"excerpt":{"rendered":"<p>Psichologin\u0117s konsultacijos Socialin\u0117 pagalba Pozityvios t\u0117vyst\u0117s mokymai Mokymai besilaukian\u010dioms mamoms ir t\u0117\u010diams Supervizijos Seminarai \u0160eimos stiprinimo mokymai Savaitgalin\u0117s stovyklos Dienin\u0117s stovyklos Grupiniai psichoteraipijos u\u017esi\u0117mimai Meno terapija \u017daidim\u0173 terapija Psichodrama S\u0105moningumo ugdymas K\u016brybi\u0161kas m\u0105stymas Karjeros valdymas Biblioterapija Ekopsichoterapija<\/p>\n","protected":false},"author":1,"featured_media":0,"parent":0,"menu_order":0,"comment_status":"closed","ping_status":"closed","template":"","meta":[],"_links":{"self":[{"href":"http:\/\/konsultuoju.eu\/index.php?rest_route=\/wp\/v2\/pages\/16"}],"collection":[{"href":"http:\/\/konsultuoju.eu\/index.php?rest_route=\/wp\/v2\/pages"}],"about":[{"href":"http:\/\/konsultuoju.eu\/index.php?rest_route=\/wp\/v2\/types\/page"}],"author":[{"embeddable":true,"href":"http:\/\/konsultuoju.eu\/index.php?rest_route=\/wp\/v2\/users\/1"}],"replies":[{"embeddable":true,"href":"http:\/\/konsultuoju.eu\/index.php?rest_route=%2Fwp%2Fv2%2Fcomments&post=16"}],"version-history":[{"count":3,"href":"http:\/\/konsultuoju.eu\/index.php?rest_route=\/wp\/v2\/pages\/16\/revisions"}],"predecessor-version":[{"id":21,"href":"http:\/\/konsultuoju.eu\/index.php?rest_route=\/wp\/v2\/pages\/16\/revisions\/21"}],"wp:attachment":[{"href":"http:\/\/konsultuoju.eu\/index.php?rest_route=%2Fwp%2Fv2%2Fmedia&parent=16"}],"curies":[{"name":"wp","href":"https:\/\/api.w.org\/{rel}","templated":true}]}}